{"id":2,"date":"2020-01-20T01:40:29","date_gmt":"2020-01-20T00:40:29","guid":{"rendered":"https:\/\/tcvp5.donbosco-tahiti.pf\/?page_id=2"},"modified":"2020-02-12T00:05:09","modified_gmt":"2020-02-11T23:05:09","slug":"page-d-exemple","status":"publish","type":"page","link":"https:\/\/tcvp5.donbosco-tahiti.pf\/?page_id=2","title":{"rendered":"ACCUEIL"},"content":{"rendered":"\n<p>Bienvenue sur notre page officiel, <\/p>\n\n\n\n<p><\/p>\n\n\n\n<blockquote class=\"wp-block-quote\"><p> <strong>B<\/strong>ienvenue sur Tahiti Pose, entreprise sp\u00e9cialis\u00e9e dans la construction et la r\u00e9novation de <em>piscine<\/em> \u00e0 <em>Tahiti<\/em> et dans ses \u00eeles ! <\/p><\/blockquote>\n\n\n\n<p><\/p>\n\n\n\n<blockquote class=\"wp-block-quote\"><p><\/p><\/blockquote>\n\n\n\n<p><\/p>\n","protected":false},"excerpt":{"rendered":"<p>Bienvenue sur notre page officiel, Bienvenue sur Tahiti Pose, entreprise sp\u00e9cialis\u00e9e dans la construction et la r\u00e9novation de piscine \u00e0 Tahiti et dans ses \u00eeles !<\/p>\n","protected":false},"author":1,"featured_media":0,"parent":0,"menu_order":0,"comment_status":"closed","ping_status":"open","template":"","meta":[],"_links":{"self":[{"href":"https:\/\/tcvp5.donbosco-tahiti.pf\/index.php?rest_route=\/wp\/v2\/pages\/2"}],"collection":[{"href":"https:\/\/tcvp5.donbosco-tahiti.pf\/index.php?rest_route=\/wp\/v2\/pages"}],"about":[{"href":"https:\/\/tcvp5.donbosco-tahiti.pf\/index.php?rest_route=\/wp\/v2\/types\/page"}],"author":[{"embeddable":true,"href":"https:\/\/tcvp5.donbosco-tahiti.pf\/index.php?rest_route=\/wp\/v2\/users\/1"}],"replies":[{"embeddable":true,"href":"https:\/\/tcvp5.donbosco-tahiti.pf\/index.php?rest_route=%2Fwp%2Fv2%2Fcomments&post=2"}],"version-history":[{"count":4,"href":"https:\/\/tcvp5.donbosco-tahiti.pf\/index.php?rest_route=\/wp\/v2\/pages\/2\/revisions"}],"predecessor-version":[{"id":27,"href":"https:\/\/tcvp5.donbosco-tahiti.pf\/index.php?rest_route=\/wp\/v2\/pages\/2\/revisions\/27"}],"wp:attachment":[{"href":"https:\/\/tcvp5.donbosco-tahiti.pf\/index.php?rest_route=%2Fwp%2Fv2%2Fmedia&parent=2"}],"curies":[{"name":"wp","href":"https:\/\/api.w.org\/{rel}","templated":true}]}}